{"id":391,"date":"2020-06-03T15:29:12","date_gmt":"2020-06-03T15:29:12","guid":{"rendered":"https:\/\/www.hoteloceanic.fr\/?page_id=391"},"modified":"2020-10-28T18:06:52","modified_gmt":"2020-10-28T18:06:52","slug":"habitaciones","status":"publish","type":"page","link":"https:\/\/www.hoteloceanic.paris\/es\/habitaciones\/","title":{"rendered":"Habitaciones"},"content":{"rendered":"<p>Nuestro hotel ofrece varios tipos de habitaciones, desde habitaciones individuales para una persona hasta habitaciones familiares para cinco personas.<\/p>\n<p>Cada habitaci\u00f3n le brindar\u00e1 toda la comodidad y el equipamiento necesarios para que pueda tener una estad\u00eda placentera en nuestro establecimiento.<\/p>\n<p>Una bandeja de bienvenida con agua, caf\u00e9 y t\u00e9 est\u00e1 disponible en todo tipo de habitaciones.<\/p>\n","protected":false},"excerpt":{"rendered":"<p>Nuestro hotel ofrece varios tipos de habitaciones, desde habitaciones individuales para una persona hasta habitaciones familiares para cinco personas. Cada habitaci\u00f3n le brindar\u00e1 toda la comodidad y el equipamiento necesarios para que pueda tener una estad\u00eda placentera en nuestro establecimiento. Una bandeja de bienvenida con agua, caf\u00e9 y t\u00e9 est\u00e1 disponible en todo tipo de [&hellip;]<\/p>\n","protected":false},"author":52,"featured_media":744,"parent":0,"menu_order":0,"comment_status":"closed","ping_status":"closed","template":"template-rooms.php","meta":{"footnotes":""},"class_list":["post-391","page","type-page","status-publish","has-post-thumbnail","hentry"],"yoast_head":"<!-- This site is optimized with the Yoast SEO plugin v26.9 - https:\/\/yoast.com\/product\/yoast-seo-wordpress\/ -->\n<title>Habitaciones - Hotel Oceanic<\/title>\n<meta name=\"description\" content=\"Nuestro hotel ofrece varios tipos de habitaciones, desde habitaciones individuales para una persona hasta habitaciones familiares para cinco personas.\" \/>\n<meta name=\"robots\" content=\"index, follow, max-snippet:-1, max-image-preview:large, max-video-preview:-1\" \/>\n<link rel=\"canonical\" href=\"https:\/\/www.hoteloceanic.paris\/es\/habitaciones\/\" \/>\n<meta property=\"og:locale\" content=\"es_ES\" \/>\n<meta property=\"og:type\" content=\"article\" \/>\n<meta property=\"og:title\" content=\"Habitaciones - Hotel Oceanic\" \/>\n<meta property=\"og:description\" content=\"Nuestro hotel ofrece varios tipos de habitaciones, desde habitaciones individuales para una persona hasta habitaciones familiares para cinco personas.\" \/>\n<meta property=\"og:url\" content=\"https:\/\/www.hoteloceanic.paris\/es\/habitaciones\/\" \/>\n<meta property=\"og:site_name\" content=\"Hotel Oceanic\" \/>\n<meta property=\"article:modified_time\" content=\"2020-10-28T18:06:52+00:00\" \/>\n<meta property=\"og:image\" content=\"https:\/\/www.hoteloceanic.paris\/wp-content\/uploads\/sites\/46\/2022\/09\/20220913_120602-1.jpg\" \/>\n\t<meta property=\"og:image:width\" content=\"1200\" \/>\n\t<meta property=\"og:image:height\" content=\"900\" \/>\n\t<meta property=\"og:image:type\" content=\"image\/jpeg\" \/>\n<meta name=\"twitter:card\" content=\"summary_large_image\" \/>\n<script type=\"application\/ld+json\" class=\"yoast-schema-graph\">{\"@context\":\"https:\/\/schema.org\",\"@graph\":[{\"@type\":\"WebPage\",\"@id\":\"https:\/\/www.hoteloceanic.paris\/es\/habitaciones\/\",\"url\":\"https:\/\/www.hoteloceanic.paris\/es\/habitaciones\/\",\"name\":\"Habitaciones - Hotel Oceanic\",\"isPartOf\":{\"@id\":\"https:\/\/www.hoteloceanic.paris\/es\/#website\"},\"primaryImageOfPage\":{\"@id\":\"https:\/\/www.hoteloceanic.paris\/es\/habitaciones\/#primaryimage\"},\"image\":{\"@id\":\"https:\/\/www.hoteloceanic.paris\/es\/habitaciones\/#primaryimage\"},\"thumbnailUrl\":\"https:\/\/www.hoteloceanic.paris\/wp-content\/uploads\/sites\/46\/2022\/09\/20220913_120602-1.jpg\",\"datePublished\":\"2020-06-03T15:29:12+00:00\",\"dateModified\":\"2020-10-28T18:06:52+00:00\",\"description\":\"Nuestro hotel ofrece varios tipos de habitaciones, desde habitaciones individuales para una persona hasta habitaciones familiares para cinco personas.\",\"breadcrumb\":{\"@id\":\"https:\/\/www.hoteloceanic.paris\/es\/habitaciones\/#breadcrumb\"},\"inLanguage\":\"es\",\"potentialAction\":[{\"@type\":\"ReadAction\",\"target\":[\"https:\/\/www.hoteloceanic.paris\/es\/habitaciones\/\"]}]},{\"@type\":\"ImageObject\",\"inLanguage\":\"es\",\"@id\":\"https:\/\/www.hoteloceanic.paris\/es\/habitaciones\/#primaryimage\",\"url\":\"https:\/\/www.hoteloceanic.paris\/wp-content\/uploads\/sites\/46\/2022\/09\/20220913_120602-1.jpg\",\"contentUrl\":\"https:\/\/www.hoteloceanic.paris\/wp-content\/uploads\/sites\/46\/2022\/09\/20220913_120602-1.jpg\",\"width\":1200,\"height\":900},{\"@type\":\"BreadcrumbList\",\"@id\":\"https:\/\/www.hoteloceanic.paris\/es\/habitaciones\/#breadcrumb\",\"itemListElement\":[{\"@type\":\"ListItem\",\"position\":1,\"name\":\"Home\",\"item\":\"https:\/\/www.hoteloceanic.paris\/es\/\"},{\"@type\":\"ListItem\",\"position\":2,\"name\":\"Habitaciones\"}]},{\"@type\":\"WebSite\",\"@id\":\"https:\/\/www.hoteloceanic.paris\/es\/#website\",\"url\":\"https:\/\/www.hoteloceanic.paris\/es\/\",\"name\":\"Hotel Oceanic\",\"description\":\"\",\"potentialAction\":[{\"@type\":\"SearchAction\",\"target\":{\"@type\":\"EntryPoint\",\"urlTemplate\":\"https:\/\/www.hoteloceanic.paris\/es\/?s={search_term_string}\"},\"query-input\":{\"@type\":\"PropertyValueSpecification\",\"valueRequired\":true,\"valueName\":\"search_term_string\"}}],\"inLanguage\":\"es\"}]}<\/script>\n<!-- \/ Yoast SEO plugin. -->","yoast_head_json":{"title":"Habitaciones - Hotel Oceanic","description":"Nuestro hotel ofrece varios tipos de habitaciones, desde habitaciones individuales para una persona hasta habitaciones familiares para cinco personas.","robots":{"index":"index","follow":"follow","max-snippet":"max-snippet:-1","max-image-preview":"max-image-preview:large","max-video-preview":"max-video-preview:-1"},"canonical":"https:\/\/www.hoteloceanic.paris\/es\/habitaciones\/","og_locale":"es_ES","og_type":"article","og_title":"Habitaciones - Hotel Oceanic","og_description":"Nuestro hotel ofrece varios tipos de habitaciones, desde habitaciones individuales para una persona hasta habitaciones familiares para cinco personas.","og_url":"https:\/\/www.hoteloceanic.paris\/es\/habitaciones\/","og_site_name":"Hotel Oceanic","article_modified_time":"2020-10-28T18:06:52+00:00","og_image":[{"width":1200,"height":900,"url":"https:\/\/www.hoteloceanic.paris\/wp-content\/uploads\/sites\/46\/2022\/09\/20220913_120602-1.jpg","type":"image\/jpeg"}],"twitter_card":"summary_large_image","schema":{"@context":"https:\/\/schema.org","@graph":[{"@type":"WebPage","@id":"https:\/\/www.hoteloceanic.paris\/es\/habitaciones\/","url":"https:\/\/www.hoteloceanic.paris\/es\/habitaciones\/","name":"Habitaciones - Hotel Oceanic","isPartOf":{"@id":"https:\/\/www.hoteloceanic.paris\/es\/#website"},"primaryImageOfPage":{"@id":"https:\/\/www.hoteloceanic.paris\/es\/habitaciones\/#primaryimage"},"image":{"@id":"https:\/\/www.hoteloceanic.paris\/es\/habitaciones\/#primaryimage"},"thumbnailUrl":"https:\/\/www.hoteloceanic.paris\/wp-content\/uploads\/sites\/46\/2022\/09\/20220913_120602-1.jpg","datePublished":"2020-06-03T15:29:12+00:00","dateModified":"2020-10-28T18:06:52+00:00","description":"Nuestro hotel ofrece varios tipos de habitaciones, desde habitaciones individuales para una persona hasta habitaciones familiares para cinco personas.","breadcrumb":{"@id":"https:\/\/www.hoteloceanic.paris\/es\/habitaciones\/#breadcrumb"},"inLanguage":"es","potentialAction":[{"@type":"ReadAction","target":["https:\/\/www.hoteloceanic.paris\/es\/habitaciones\/"]}]},{"@type":"ImageObject","inLanguage":"es","@id":"https:\/\/www.hoteloceanic.paris\/es\/habitaciones\/#primaryimage","url":"https:\/\/www.hoteloceanic.paris\/wp-content\/uploads\/sites\/46\/2022\/09\/20220913_120602-1.jpg","contentUrl":"https:\/\/www.hoteloceanic.paris\/wp-content\/uploads\/sites\/46\/2022\/09\/20220913_120602-1.jpg","width":1200,"height":900},{"@type":"BreadcrumbList","@id":"https:\/\/www.hoteloceanic.paris\/es\/habitaciones\/#breadcrumb","itemListElement":[{"@type":"ListItem","position":1,"name":"Home","item":"https:\/\/www.hoteloceanic.paris\/es\/"},{"@type":"ListItem","position":2,"name":"Habitaciones"}]},{"@type":"WebSite","@id":"https:\/\/www.hoteloceanic.paris\/es\/#website","url":"https:\/\/www.hoteloceanic.paris\/es\/","name":"Hotel Oceanic","description":"","potentialAction":[{"@type":"SearchAction","target":{"@type":"EntryPoint","urlTemplate":"https:\/\/www.hoteloceanic.paris\/es\/?s={search_term_string}"},"query-input":{"@type":"PropertyValueSpecification","valueRequired":true,"valueName":"search_term_string"}}],"inLanguage":"es"}]}},"acf":[],"_links":{"self":[{"href":"https:\/\/www.hoteloceanic.paris\/es\/wp-json\/wp\/v2\/pages\/391","targetHints":{"allow":["GET"]}}],"collection":[{"href":"https:\/\/www.hoteloceanic.paris\/es\/wp-json\/wp\/v2\/pages"}],"about":[{"href":"https:\/\/www.hoteloceanic.paris\/es\/wp-json\/wp\/v2\/types\/page"}],"author":[{"embeddable":true,"href":"https:\/\/www.hoteloceanic.paris\/es\/wp-json\/wp\/v2\/users\/52"}],"replies":[{"embeddable":true,"href":"https:\/\/www.hoteloceanic.paris\/es\/wp-json\/wp\/v2\/comments?post=391"}],"version-history":[{"count":0,"href":"https:\/\/www.hoteloceanic.paris\/es\/wp-json\/wp\/v2\/pages\/391\/revisions"}],"wp:featuredmedia":[{"embeddable":true,"href":"https:\/\/www.hoteloceanic.paris\/es\/wp-json\/wp\/v2\/media\/744"}],"wp:attachment":[{"href":"https:\/\/www.hoteloceanic.paris\/es\/wp-json\/wp\/v2\/media?parent=391"}],"curies":[{"name":"wp","href":"https:\/\/api.w.org\/{rel}","templated":true}]}}