{"id":410,"date":"2020-06-03T15:31:27","date_gmt":"2020-06-03T15:31:27","guid":{"rendered":"https:\/\/www.hoteloceanic.fr\/?page_id=410"},"modified":"2023-12-05T12:10:17","modified_gmt":"2023-12-05T12:10:17","slug":"habitacion-triple-estandar","status":"publish","type":"page","link":"https:\/\/www.hoteloceanic.paris\/es\/habitaciones\/habitacion-triple-estandar\/","title":{"rendered":"Habitaci\u00f3n Triple Est\u00e1ndar"},"content":{"rendered":"<p>La habitaci\u00f3n triple est\u00e1ndar del Hotel Oc\u00e9anic tiene una superficie de entre 19 m\u00b2 y 25 m\u00b2 y puede alojar hasta tres personas ofreciendo una cama doble de 160 cm y una cama individual de 90 cm.<br \/>\nNuestras habitaciones triples tienen vistas al patio oa la calle y est\u00e1n equipadas con ventanas de doble acristalamiento para garantizarle paz y tranquilidad.<\/p>\n<p>Todas nuestras habitaciones triples est\u00e1n equipadas con ba\u00f1o con ba\u00f1era o ducha y WC privado y tambi\u00e9n:<br \/>\n&#8211; Un gran televisor de pantalla plana con una amplia variedad de canales por sat\u00e9lite,<br \/>\n&#8211; tel\u00e9fono directo,<br \/>\n&#8211; Un escritorio con l\u00e1mpara de trabajo + toma de corriente,<br \/>\n&#8211; Una bandeja de cortes\u00eda (tetera, t\u00e9, caf\u00e9, etc.),<br \/>\n&#8211; Wi-Fi gratis.<br \/>\n&#8211; Una caja fuerte.<br \/>\n&#8211; Nevera \/ mini bar<\/p>\n","protected":false},"excerpt":{"rendered":"<p>La habitaci\u00f3n triple est\u00e1ndar del Hotel Oc\u00e9anic tiene una superficie de entre 19 m\u00b2 y 25 m\u00b2 y puede alojar hasta tres personas ofreciendo una cama doble de 160 cm y una cama individual de 90 cm. Nuestras habitaciones triples tienen vistas al patio oa la calle y est\u00e1n equipadas con ventanas de doble acristalamiento [&hellip;]<\/p>\n","protected":false},"author":52,"featured_media":1444,"parent":391,"menu_order":0,"comment_status":"closed","ping_status":"closed","template":"template-single-room.php","meta":{"footnotes":""},"class_list":["post-410","page","type-page","status-publish","has-post-thumbnail","hentry"],"yoast_head":"<!-- This site is optimized with the Yoast SEO plugin v26.9 - https:\/\/yoast.com\/product\/yoast-seo-wordpress\/ -->\n<title>Habitaci\u00f3n Triple Est\u00e1ndar - Hotel Oceanic<\/title>\n<meta name=\"description\" content=\"La habitaci\u00f3n triple est\u00e1ndar del Hotel Oc\u00e9anic tiene una superficie de entre 19 m\u00b2 y 25 m\u00b2 y puede alojar hasta tres personas ofreciendo una cama doble de 160 cm y una cama individual de 90 cm.\" \/>\n<meta name=\"robots\" content=\"index, follow, max-snippet:-1, max-image-preview:large, max-video-preview:-1\" \/>\n<link rel=\"canonical\" href=\"https:\/\/www.hoteloceanic.paris\/es\/habitaciones\/habitacion-triple-estandar\/\" \/>\n<meta property=\"og:locale\" content=\"es_ES\" \/>\n<meta property=\"og:type\" content=\"article\" \/>\n<meta property=\"og:title\" content=\"Habitaci\u00f3n Triple Est\u00e1ndar - Hotel Oceanic\" \/>\n<meta property=\"og:description\" content=\"La habitaci\u00f3n triple est\u00e1ndar del Hotel Oc\u00e9anic tiene una superficie de entre 19 m\u00b2 y 25 m\u00b2 y puede alojar hasta tres personas ofreciendo una cama doble de 160 cm y una cama individual de 90 cm.\" \/>\n<meta property=\"og:url\" content=\"https:\/\/www.hoteloceanic.paris\/es\/habitaciones\/habitacion-triple-estandar\/\" \/>\n<meta property=\"og:site_name\" content=\"Hotel Oceanic\" \/>\n<meta property=\"article:modified_time\" content=\"2023-12-05T12:10:17+00:00\" \/>\n<meta property=\"og:image\" content=\"https:\/\/www.hoteloceanic.paris\/wp-content\/uploads\/sites\/46\/2022\/09\/20220913_112700-1.jpg\" \/>\n\t<meta property=\"og:image:width\" content=\"1200\" \/>\n\t<meta property=\"og:image:height\" content=\"900\" \/>\n\t<meta property=\"og:image:type\" content=\"image\/jpeg\" \/>\n<meta name=\"twitter:card\" content=\"summary_large_image\" \/>\n<meta name=\"twitter:label1\" content=\"Tiempo de lectura\" \/>\n\t<meta name=\"twitter:data1\" content=\"1 minuto\" \/>\n<script type=\"application\/ld+json\" class=\"yoast-schema-graph\">{\"@context\":\"https:\/\/schema.org\",\"@graph\":[{\"@type\":\"WebPage\",\"@id\":\"https:\/\/www.hoteloceanic.paris\/es\/habitaciones\/habitacion-triple-estandar\/\",\"url\":\"https:\/\/www.hoteloceanic.paris\/es\/habitaciones\/habitacion-triple-estandar\/\",\"name\":\"Habitaci\u00f3n Triple Est\u00e1ndar - Hotel Oceanic\",\"isPartOf\":{\"@id\":\"https:\/\/www.hoteloceanic.paris\/es\/#website\"},\"primaryImageOfPage\":{\"@id\":\"https:\/\/www.hoteloceanic.paris\/es\/habitaciones\/habitacion-triple-estandar\/#primaryimage\"},\"image\":{\"@id\":\"https:\/\/www.hoteloceanic.paris\/es\/habitaciones\/habitacion-triple-estandar\/#primaryimage\"},\"thumbnailUrl\":\"https:\/\/www.hoteloceanic.paris\/wp-content\/uploads\/sites\/46\/2025\/11\/IMG_4963.jpeg\",\"datePublished\":\"2020-06-03T15:31:27+00:00\",\"dateModified\":\"2023-12-05T12:10:17+00:00\",\"description\":\"La habitaci\u00f3n triple est\u00e1ndar del Hotel Oc\u00e9anic tiene una superficie de entre 19 m\u00b2 y 25 m\u00b2 y puede alojar hasta tres personas ofreciendo una cama doble de 160 cm y una cama individual de 90 cm.\",\"breadcrumb\":{\"@id\":\"https:\/\/www.hoteloceanic.paris\/es\/habitaciones\/habitacion-triple-estandar\/#breadcrumb\"},\"inLanguage\":\"es\",\"potentialAction\":[{\"@type\":\"ReadAction\",\"target\":[\"https:\/\/www.hoteloceanic.paris\/es\/habitaciones\/habitacion-triple-estandar\/\"]}]},{\"@type\":\"ImageObject\",\"inLanguage\":\"es\",\"@id\":\"https:\/\/www.hoteloceanic.paris\/es\/habitaciones\/habitacion-triple-estandar\/#primaryimage\",\"url\":\"https:\/\/www.hoteloceanic.paris\/wp-content\/uploads\/sites\/46\/2025\/11\/IMG_4963.jpeg\",\"contentUrl\":\"https:\/\/www.hoteloceanic.paris\/wp-content\/uploads\/sites\/46\/2025\/11\/IMG_4963.jpeg\",\"width\":870,\"height\":1200},{\"@type\":\"BreadcrumbList\",\"@id\":\"https:\/\/www.hoteloceanic.paris\/es\/habitaciones\/habitacion-triple-estandar\/#breadcrumb\",\"itemListElement\":[{\"@type\":\"ListItem\",\"position\":1,\"name\":\"Home\",\"item\":\"https:\/\/www.hoteloceanic.paris\/es\/\"},{\"@type\":\"ListItem\",\"position\":2,\"name\":\"Habitaciones\",\"item\":\"https:\/\/www.hoteloceanic.paris\/es\/habitaciones\/\"},{\"@type\":\"ListItem\",\"position\":3,\"name\":\"Habitaci\u00f3n Triple Est\u00e1ndar\"}]},{\"@type\":\"WebSite\",\"@id\":\"https:\/\/www.hoteloceanic.paris\/es\/#website\",\"url\":\"https:\/\/www.hoteloceanic.paris\/es\/\",\"name\":\"Hotel Oceanic\",\"description\":\"\",\"potentialAction\":[{\"@type\":\"SearchAction\",\"target\":{\"@type\":\"EntryPoint\",\"urlTemplate\":\"https:\/\/www.hoteloceanic.paris\/es\/?s={search_term_string}\"},\"query-input\":{\"@type\":\"PropertyValueSpecification\",\"valueRequired\":true,\"valueName\":\"search_term_string\"}}],\"inLanguage\":\"es\"}]}<\/script>\n<!-- \/ Yoast SEO plugin. -->","yoast_head_json":{"title":"Habitaci\u00f3n Triple Est\u00e1ndar - Hotel Oceanic","description":"La habitaci\u00f3n triple est\u00e1ndar del Hotel Oc\u00e9anic tiene una superficie de entre 19 m\u00b2 y 25 m\u00b2 y puede alojar hasta tres personas ofreciendo una cama doble de 160 cm y una cama individual de 90 cm.","robots":{"index":"index","follow":"follow","max-snippet":"max-snippet:-1","max-image-preview":"max-image-preview:large","max-video-preview":"max-video-preview:-1"},"canonical":"https:\/\/www.hoteloceanic.paris\/es\/habitaciones\/habitacion-triple-estandar\/","og_locale":"es_ES","og_type":"article","og_title":"Habitaci\u00f3n Triple Est\u00e1ndar - Hotel Oceanic","og_description":"La habitaci\u00f3n triple est\u00e1ndar del Hotel Oc\u00e9anic tiene una superficie de entre 19 m\u00b2 y 25 m\u00b2 y puede alojar hasta tres personas ofreciendo una cama doble de 160 cm y una cama individual de 90 cm.","og_url":"https:\/\/www.hoteloceanic.paris\/es\/habitaciones\/habitacion-triple-estandar\/","og_site_name":"Hotel Oceanic","article_modified_time":"2023-12-05T12:10:17+00:00","og_image":[{"width":1200,"height":900,"url":"https:\/\/www.hoteloceanic.paris\/wp-content\/uploads\/sites\/46\/2022\/09\/20220913_112700-1.jpg","type":"image\/jpeg"}],"twitter_card":"summary_large_image","twitter_misc":{"Tiempo de lectura":"1 minuto"},"schema":{"@context":"https:\/\/schema.org","@graph":[{"@type":"WebPage","@id":"https:\/\/www.hoteloceanic.paris\/es\/habitaciones\/habitacion-triple-estandar\/","url":"https:\/\/www.hoteloceanic.paris\/es\/habitaciones\/habitacion-triple-estandar\/","name":"Habitaci\u00f3n Triple Est\u00e1ndar - Hotel Oceanic","isPartOf":{"@id":"https:\/\/www.hoteloceanic.paris\/es\/#website"},"primaryImageOfPage":{"@id":"https:\/\/www.hoteloceanic.paris\/es\/habitaciones\/habitacion-triple-estandar\/#primaryimage"},"image":{"@id":"https:\/\/www.hoteloceanic.paris\/es\/habitaciones\/habitacion-triple-estandar\/#primaryimage"},"thumbnailUrl":"https:\/\/www.hoteloceanic.paris\/wp-content\/uploads\/sites\/46\/2025\/11\/IMG_4963.jpeg","datePublished":"2020-06-03T15:31:27+00:00","dateModified":"2023-12-05T12:10:17+00:00","description":"La habitaci\u00f3n triple est\u00e1ndar del Hotel Oc\u00e9anic tiene una superficie de entre 19 m\u00b2 y 25 m\u00b2 y puede alojar hasta tres personas ofreciendo una cama doble de 160 cm y una cama individual de 90 cm.","breadcrumb":{"@id":"https:\/\/www.hoteloceanic.paris\/es\/habitaciones\/habitacion-triple-estandar\/#breadcrumb"},"inLanguage":"es","potentialAction":[{"@type":"ReadAction","target":["https:\/\/www.hoteloceanic.paris\/es\/habitaciones\/habitacion-triple-estandar\/"]}]},{"@type":"ImageObject","inLanguage":"es","@id":"https:\/\/www.hoteloceanic.paris\/es\/habitaciones\/habitacion-triple-estandar\/#primaryimage","url":"https:\/\/www.hoteloceanic.paris\/wp-content\/uploads\/sites\/46\/2025\/11\/IMG_4963.jpeg","contentUrl":"https:\/\/www.hoteloceanic.paris\/wp-content\/uploads\/sites\/46\/2025\/11\/IMG_4963.jpeg","width":870,"height":1200},{"@type":"BreadcrumbList","@id":"https:\/\/www.hoteloceanic.paris\/es\/habitaciones\/habitacion-triple-estandar\/#breadcrumb","itemListElement":[{"@type":"ListItem","position":1,"name":"Home","item":"https:\/\/www.hoteloceanic.paris\/es\/"},{"@type":"ListItem","position":2,"name":"Habitaciones","item":"https:\/\/www.hoteloceanic.paris\/es\/habitaciones\/"},{"@type":"ListItem","position":3,"name":"Habitaci\u00f3n Triple Est\u00e1ndar"}]},{"@type":"WebSite","@id":"https:\/\/www.hoteloceanic.paris\/es\/#website","url":"https:\/\/www.hoteloceanic.paris\/es\/","name":"Hotel Oceanic","description":"","potentialAction":[{"@type":"SearchAction","target":{"@type":"EntryPoint","urlTemplate":"https:\/\/www.hoteloceanic.paris\/es\/?s={search_term_string}"},"query-input":{"@type":"PropertyValueSpecification","valueRequired":true,"valueName":"search_term_string"}}],"inLanguage":"es"}]}},"acf":[],"_links":{"self":[{"href":"https:\/\/www.hoteloceanic.paris\/es\/wp-json\/wp\/v2\/pages\/410","targetHints":{"allow":["GET"]}}],"collection":[{"href":"https:\/\/www.hoteloceanic.paris\/es\/wp-json\/wp\/v2\/pages"}],"about":[{"href":"https:\/\/www.hoteloceanic.paris\/es\/wp-json\/wp\/v2\/types\/page"}],"author":[{"embeddable":true,"href":"https:\/\/www.hoteloceanic.paris\/es\/wp-json\/wp\/v2\/users\/52"}],"replies":[{"embeddable":true,"href":"https:\/\/www.hoteloceanic.paris\/es\/wp-json\/wp\/v2\/comments?post=410"}],"version-history":[{"count":0,"href":"https:\/\/www.hoteloceanic.paris\/es\/wp-json\/wp\/v2\/pages\/410\/revisions"}],"up":[{"embeddable":true,"href":"https:\/\/www.hoteloceanic.paris\/es\/wp-json\/wp\/v2\/pages\/391"}],"wp:featuredmedia":[{"embeddable":true,"href":"https:\/\/www.hoteloceanic.paris\/es\/wp-json\/wp\/v2\/media\/1444"}],"wp:attachment":[{"href":"https:\/\/www.hoteloceanic.paris\/es\/wp-json\/wp\/v2\/media?parent=410"}],"curies":[{"name":"wp","href":"https:\/\/api.w.org\/{rel}","templated":true}]}}