{"id":411,"date":"2020-06-03T15:31:37","date_gmt":"2020-06-03T15:31:37","guid":{"rendered":"https:\/\/www.hoteloceanic.fr\/?page_id=411"},"modified":"2023-12-06T11:52:51","modified_gmt":"2023-12-06T11:52:51","slug":"habitacion-superior","status":"publish","type":"page","link":"https:\/\/www.hoteloceanic.paris\/es\/habitaciones\/habitacion-superior\/","title":{"rendered":"Habitaci\u00f3n superior"},"content":{"rendered":"<p>Ideal para familias o amigos, la Habitaci\u00f3n Superior del Hotel Oc\u00e9anic tiene un volumen de entre 25m\u00b2 y 28m\u00b2 para alojar hasta 4 personas.<br \/>\nOfrece vistas a la calle y tiene ventanas de doble acristalamiento para ofrecerle un ambiente tranquilo y relajante.<\/p>\n<p>Est\u00e1 equipada con 2 camas dobles de 160 cm de ancho o una cama doble de 160 cm y 2 camas individuales de 90 cm de ancho (bajo petici\u00f3n) y aire acondicionado individual.<br \/>\nCada habitaci\u00f3n tiene un ba\u00f1o completo con ba\u00f1era (con barra de ducha) y secador de pelo.<\/p>\n<p>Dise\u00f1ado para ofrecer la m\u00e1xima comodidad, se beneficia de:<br \/>\n&#8211; un gran televisor de pantalla plana con una amplia variedad de canales por sat\u00e9lite,<br \/>\n&#8211; tel\u00e9fono directo,<br \/>\n&#8211; un escritorio con l\u00e1mpara de trabajo + toma de corriente,<br \/>\n&#8211; una bandeja de cortes\u00eda (tetera, t\u00e9, caf\u00e9, etc.),<br \/>\n&#8211; Una cafetera Nespresso<br \/>\n&#8211; Wi-Fi gratis.<br \/>\n&#8211; Una caja fuerte.<br \/>\n&#8211; Nevera \/ mini bar<br \/>\n&#8211; Zapatillas de ba\u00f1o.<\/p>\n","protected":false},"excerpt":{"rendered":"<p>Ideal para familias o amigos, la Habitaci\u00f3n Superior del Hotel Oc\u00e9anic tiene un volumen de entre 25m\u00b2 y 28m\u00b2 para alojar hasta 4 personas. Ofrece vistas a la calle y tiene ventanas de doble acristalamiento para ofrecerle un ambiente tranquilo y relajante. Est\u00e1 equipada con 2 camas dobles de 160 cm de ancho o una [&hellip;]<\/p>\n","protected":false},"author":52,"featured_media":768,"parent":391,"menu_order":4,"comment_status":"closed","ping_status":"closed","template":"template-single-room.php","meta":{"footnotes":""},"class_list":["post-411","page","type-page","status-publish","has-post-thumbnail","hentry"],"yoast_head":"<!-- This site is optimized with the Yoast SEO plugin v26.9 - https:\/\/yoast.com\/product\/yoast-seo-wordpress\/ -->\n<title>Habitaci\u00f3n superior - Hotel Oceanic<\/title>\n<meta name=\"description\" content=\"Ideal para familias o amigos, la Habitaci\u00f3n Superior del Hotel Oc\u00e9anic tiene un volumen de entre 25m\u00b2 y 28m\u00b2 para alojar hasta 4 personas.\" \/>\n<meta name=\"robots\" content=\"index, follow, max-snippet:-1, max-image-preview:large, max-video-preview:-1\" \/>\n<link rel=\"canonical\" href=\"https:\/\/www.hoteloceanic.paris\/es\/habitaciones\/habitacion-superior\/\" \/>\n<meta property=\"og:locale\" content=\"es_ES\" \/>\n<meta property=\"og:type\" content=\"article\" \/>\n<meta property=\"og:title\" content=\"Habitaci\u00f3n superior - Hotel Oceanic\" \/>\n<meta property=\"og:description\" content=\"Ideal para familias o amigos, la Habitaci\u00f3n Superior del Hotel Oc\u00e9anic tiene un volumen de entre 25m\u00b2 y 28m\u00b2 para alojar hasta 4 personas.\" \/>\n<meta property=\"og:url\" content=\"https:\/\/www.hoteloceanic.paris\/es\/habitaciones\/habitacion-superior\/\" \/>\n<meta property=\"og:site_name\" content=\"Hotel Oceanic\" \/>\n<meta property=\"article:modified_time\" content=\"2023-12-06T11:52:51+00:00\" \/>\n<meta property=\"og:image\" content=\"https:\/\/www.hoteloceanic.paris\/wp-content\/uploads\/sites\/46\/2022\/09\/20220913_113929-1.jpg\" \/>\n\t<meta property=\"og:image:width\" content=\"1200\" \/>\n\t<meta property=\"og:image:height\" content=\"900\" \/>\n\t<meta property=\"og:image:type\" content=\"image\/jpeg\" \/>\n<meta name=\"twitter:card\" content=\"summary_large_image\" \/>\n<meta name=\"twitter:label1\" content=\"Tiempo de lectura\" \/>\n\t<meta name=\"twitter:data1\" content=\"1 minuto\" \/>\n<script type=\"application\/ld+json\" class=\"yoast-schema-graph\">{\"@context\":\"https:\/\/schema.org\",\"@graph\":[{\"@type\":\"WebPage\",\"@id\":\"https:\/\/www.hoteloceanic.paris\/es\/habitaciones\/habitacion-superior\/\",\"url\":\"https:\/\/www.hoteloceanic.paris\/es\/habitaciones\/habitacion-superior\/\",\"name\":\"Habitaci\u00f3n superior - Hotel Oceanic\",\"isPartOf\":{\"@id\":\"https:\/\/www.hoteloceanic.paris\/es\/#website\"},\"primaryImageOfPage\":{\"@id\":\"https:\/\/www.hoteloceanic.paris\/es\/habitaciones\/habitacion-superior\/#primaryimage\"},\"image\":{\"@id\":\"https:\/\/www.hoteloceanic.paris\/es\/habitaciones\/habitacion-superior\/#primaryimage\"},\"thumbnailUrl\":\"https:\/\/www.hoteloceanic.paris\/wp-content\/uploads\/sites\/46\/2022\/09\/20220913_113929-1.jpg\",\"datePublished\":\"2020-06-03T15:31:37+00:00\",\"dateModified\":\"2023-12-06T11:52:51+00:00\",\"description\":\"Ideal para familias o amigos, la Habitaci\u00f3n Superior del Hotel Oc\u00e9anic tiene un volumen de entre 25m\u00b2 y 28m\u00b2 para alojar hasta 4 personas.\",\"breadcrumb\":{\"@id\":\"https:\/\/www.hoteloceanic.paris\/es\/habitaciones\/habitacion-superior\/#breadcrumb\"},\"inLanguage\":\"es\",\"potentialAction\":[{\"@type\":\"ReadAction\",\"target\":[\"https:\/\/www.hoteloceanic.paris\/es\/habitaciones\/habitacion-superior\/\"]}]},{\"@type\":\"ImageObject\",\"inLanguage\":\"es\",\"@id\":\"https:\/\/www.hoteloceanic.paris\/es\/habitaciones\/habitacion-superior\/#primaryimage\",\"url\":\"https:\/\/www.hoteloceanic.paris\/wp-content\/uploads\/sites\/46\/2022\/09\/20220913_113929-1.jpg\",\"contentUrl\":\"https:\/\/www.hoteloceanic.paris\/wp-content\/uploads\/sites\/46\/2022\/09\/20220913_113929-1.jpg\",\"width\":1200,\"height\":900},{\"@type\":\"BreadcrumbList\",\"@id\":\"https:\/\/www.hoteloceanic.paris\/es\/habitaciones\/habitacion-superior\/#breadcrumb\",\"itemListElement\":[{\"@type\":\"ListItem\",\"position\":1,\"name\":\"Home\",\"item\":\"https:\/\/www.hoteloceanic.paris\/es\/\"},{\"@type\":\"ListItem\",\"position\":2,\"name\":\"Habitaciones\",\"item\":\"https:\/\/www.hoteloceanic.paris\/es\/habitaciones\/\"},{\"@type\":\"ListItem\",\"position\":3,\"name\":\"Habitaci\u00f3n superior\"}]},{\"@type\":\"WebSite\",\"@id\":\"https:\/\/www.hoteloceanic.paris\/es\/#website\",\"url\":\"https:\/\/www.hoteloceanic.paris\/es\/\",\"name\":\"Hotel Oceanic\",\"description\":\"\",\"potentialAction\":[{\"@type\":\"SearchAction\",\"target\":{\"@type\":\"EntryPoint\",\"urlTemplate\":\"https:\/\/www.hoteloceanic.paris\/es\/?s={search_term_string}\"},\"query-input\":{\"@type\":\"PropertyValueSpecification\",\"valueRequired\":true,\"valueName\":\"search_term_string\"}}],\"inLanguage\":\"es\"}]}<\/script>\n<!-- \/ Yoast SEO plugin. -->","yoast_head_json":{"title":"Habitaci\u00f3n superior - Hotel Oceanic","description":"Ideal para familias o amigos, la Habitaci\u00f3n Superior del Hotel Oc\u00e9anic tiene un volumen de entre 25m\u00b2 y 28m\u00b2 para alojar hasta 4 personas.","robots":{"index":"index","follow":"follow","max-snippet":"max-snippet:-1","max-image-preview":"max-image-preview:large","max-video-preview":"max-video-preview:-1"},"canonical":"https:\/\/www.hoteloceanic.paris\/es\/habitaciones\/habitacion-superior\/","og_locale":"es_ES","og_type":"article","og_title":"Habitaci\u00f3n superior - Hotel Oceanic","og_description":"Ideal para familias o amigos, la Habitaci\u00f3n Superior del Hotel Oc\u00e9anic tiene un volumen de entre 25m\u00b2 y 28m\u00b2 para alojar hasta 4 personas.","og_url":"https:\/\/www.hoteloceanic.paris\/es\/habitaciones\/habitacion-superior\/","og_site_name":"Hotel Oceanic","article_modified_time":"2023-12-06T11:52:51+00:00","og_image":[{"width":1200,"height":900,"url":"https:\/\/www.hoteloceanic.paris\/wp-content\/uploads\/sites\/46\/2022\/09\/20220913_113929-1.jpg","type":"image\/jpeg"}],"twitter_card":"summary_large_image","twitter_misc":{"Tiempo de lectura":"1 minuto"},"schema":{"@context":"https:\/\/schema.org","@graph":[{"@type":"WebPage","@id":"https:\/\/www.hoteloceanic.paris\/es\/habitaciones\/habitacion-superior\/","url":"https:\/\/www.hoteloceanic.paris\/es\/habitaciones\/habitacion-superior\/","name":"Habitaci\u00f3n superior - Hotel Oceanic","isPartOf":{"@id":"https:\/\/www.hoteloceanic.paris\/es\/#website"},"primaryImageOfPage":{"@id":"https:\/\/www.hoteloceanic.paris\/es\/habitaciones\/habitacion-superior\/#primaryimage"},"image":{"@id":"https:\/\/www.hoteloceanic.paris\/es\/habitaciones\/habitacion-superior\/#primaryimage"},"thumbnailUrl":"https:\/\/www.hoteloceanic.paris\/wp-content\/uploads\/sites\/46\/2022\/09\/20220913_113929-1.jpg","datePublished":"2020-06-03T15:31:37+00:00","dateModified":"2023-12-06T11:52:51+00:00","description":"Ideal para familias o amigos, la Habitaci\u00f3n Superior del Hotel Oc\u00e9anic tiene un volumen de entre 25m\u00b2 y 28m\u00b2 para alojar hasta 4 personas.","breadcrumb":{"@id":"https:\/\/www.hoteloceanic.paris\/es\/habitaciones\/habitacion-superior\/#breadcrumb"},"inLanguage":"es","potentialAction":[{"@type":"ReadAction","target":["https:\/\/www.hoteloceanic.paris\/es\/habitaciones\/habitacion-superior\/"]}]},{"@type":"ImageObject","inLanguage":"es","@id":"https:\/\/www.hoteloceanic.paris\/es\/habitaciones\/habitacion-superior\/#primaryimage","url":"https:\/\/www.hoteloceanic.paris\/wp-content\/uploads\/sites\/46\/2022\/09\/20220913_113929-1.jpg","contentUrl":"https:\/\/www.hoteloceanic.paris\/wp-content\/uploads\/sites\/46\/2022\/09\/20220913_113929-1.jpg","width":1200,"height":900},{"@type":"BreadcrumbList","@id":"https:\/\/www.hoteloceanic.paris\/es\/habitaciones\/habitacion-superior\/#breadcrumb","itemListElement":[{"@type":"ListItem","position":1,"name":"Home","item":"https:\/\/www.hoteloceanic.paris\/es\/"},{"@type":"ListItem","position":2,"name":"Habitaciones","item":"https:\/\/www.hoteloceanic.paris\/es\/habitaciones\/"},{"@type":"ListItem","position":3,"name":"Habitaci\u00f3n superior"}]},{"@type":"WebSite","@id":"https:\/\/www.hoteloceanic.paris\/es\/#website","url":"https:\/\/www.hoteloceanic.paris\/es\/","name":"Hotel Oceanic","description":"","potentialAction":[{"@type":"SearchAction","target":{"@type":"EntryPoint","urlTemplate":"https:\/\/www.hoteloceanic.paris\/es\/?s={search_term_string}"},"query-input":{"@type":"PropertyValueSpecification","valueRequired":true,"valueName":"search_term_string"}}],"inLanguage":"es"}]}},"acf":[],"_links":{"self":[{"href":"https:\/\/www.hoteloceanic.paris\/es\/wp-json\/wp\/v2\/pages\/411","targetHints":{"allow":["GET"]}}],"collection":[{"href":"https:\/\/www.hoteloceanic.paris\/es\/wp-json\/wp\/v2\/pages"}],"about":[{"href":"https:\/\/www.hoteloceanic.paris\/es\/wp-json\/wp\/v2\/types\/page"}],"author":[{"embeddable":true,"href":"https:\/\/www.hoteloceanic.paris\/es\/wp-json\/wp\/v2\/users\/52"}],"replies":[{"embeddable":true,"href":"https:\/\/www.hoteloceanic.paris\/es\/wp-json\/wp\/v2\/comments?post=411"}],"version-history":[{"count":0,"href":"https:\/\/www.hoteloceanic.paris\/es\/wp-json\/wp\/v2\/pages\/411\/revisions"}],"up":[{"embeddable":true,"href":"https:\/\/www.hoteloceanic.paris\/es\/wp-json\/wp\/v2\/pages\/391"}],"wp:featuredmedia":[{"embeddable":true,"href":"https:\/\/www.hoteloceanic.paris\/es\/wp-json\/wp\/v2\/media\/768"}],"wp:attachment":[{"href":"https:\/\/www.hoteloceanic.paris\/es\/wp-json\/wp\/v2\/media?parent=411"}],"curies":[{"name":"wp","href":"https:\/\/api.w.org\/{rel}","templated":true}]}}