{"id":413,"date":"2020-06-03T15:32:21","date_gmt":"2020-06-03T15:32:21","guid":{"rendered":"https:\/\/www.hoteloceanic.fr\/?page_id=413"},"modified":"2023-12-05T10:30:16","modified_gmt":"2023-12-05T10:30:16","slug":"nuestros-servicios","status":"publish","type":"page","link":"https:\/\/www.hoteloceanic.paris\/es\/nuestros-servicios\/","title":{"rendered":"Nuestros servicios"},"content":{"rendered":"<p>Ofrecemos servicios gratuitos como almacenamiento de equipaje, wifi en todas las habitaciones, canales de cable con Being sport y Canal +, un sal\u00f3n disponible todo el d\u00eda y mapas de Par\u00eds para organizar su estad\u00eda.<\/p>\n<p>Ofrecemos servicio de desayuno en el sal\u00f3n o en la habitaci\u00f3n sin cargo adicional.<\/p>\n<p>Todo el equipo del hotel Oc\u00e9anic est\u00e1 a su disposici\u00f3n para que su estancia sea agradable. No dude en consultar a nuestros recepcionistas para obtener informaci\u00f3n sobre el hotel y sus visitas a Par\u00eds.<\/p>\n","protected":false},"excerpt":{"rendered":"<p>Ofrecemos servicios gratuitos como almacenamiento de equipaje, wifi en todas las habitaciones, canales de cable con Being sport y Canal +, un sal\u00f3n disponible todo el d\u00eda y mapas de Par\u00eds para organizar su estad\u00eda. Ofrecemos servicio de desayuno en el sal\u00f3n o en la habitaci\u00f3n sin cargo adicional. Todo el equipo del hotel Oc\u00e9anic [&hellip;]<\/p>\n","protected":false},"author":52,"featured_media":1012,"parent":0,"menu_order":0,"comment_status":"closed","ping_status":"closed","template":"template-services.php","meta":{"footnotes":""},"class_list":["post-413","page","type-page","status-publish","has-post-thumbnail","hentry"],"yoast_head":"<!-- This site is optimized with the Yoast SEO plugin v26.9 - https:\/\/yoast.com\/product\/yoast-seo-wordpress\/ -->\n<title>Los servicios del hotel - Hotel Oceanic - Paris<\/title>\n<meta name=\"description\" content=\"Ofrecemos servicios gratuitos como almacenamiento de equipaje, wifi en todas las habitaciones, canales de cable con Being sport y Canal +, un sal\u00f3n disponible todo el d\u00eda y mapas de Par\u00eds para organizar su estad\u00eda.\" \/>\n<meta name=\"robots\" content=\"index, follow, max-snippet:-1, max-image-preview:large, max-video-preview:-1\" \/>\n<link rel=\"canonical\" href=\"https:\/\/www.hoteloceanic.paris\/es\/nuestros-servicios\/\" \/>\n<meta property=\"og:locale\" content=\"es_ES\" \/>\n<meta property=\"og:type\" content=\"article\" \/>\n<meta property=\"og:title\" content=\"Los servicios del hotel - Hotel Oceanic - Paris\" \/>\n<meta property=\"og:description\" content=\"Ofrecemos servicios gratuitos como almacenamiento de equipaje, wifi en todas las habitaciones, canales de cable con Being sport y Canal +, un sal\u00f3n disponible todo el d\u00eda y mapas de Par\u00eds para organizar su estad\u00eda.\" \/>\n<meta property=\"og:url\" content=\"https:\/\/www.hoteloceanic.paris\/es\/nuestros-servicios\/\" \/>\n<meta property=\"og:site_name\" content=\"Hotel Oceanic\" \/>\n<meta property=\"article:modified_time\" content=\"2023-12-05T10:30:16+00:00\" \/>\n<meta property=\"og:image\" content=\"https:\/\/www.hoteloceanic.paris\/wp-content\/uploads\/sites\/46\/2023\/11\/IMG_9278-1-rotated.jpg\" \/>\n\t<meta property=\"og:image:width\" content=\"900\" \/>\n\t<meta property=\"og:image:height\" content=\"1200\" \/>\n\t<meta property=\"og:image:type\" content=\"image\/jpeg\" \/>\n<meta name=\"twitter:card\" content=\"summary_large_image\" \/>\n<script type=\"application\/ld+json\" class=\"yoast-schema-graph\">{\"@context\":\"https:\/\/schema.org\",\"@graph\":[{\"@type\":\"WebPage\",\"@id\":\"https:\/\/www.hoteloceanic.paris\/es\/nuestros-servicios\/\",\"url\":\"https:\/\/www.hoteloceanic.paris\/es\/nuestros-servicios\/\",\"name\":\"Los servicios del hotel - Hotel Oceanic - Paris\",\"isPartOf\":{\"@id\":\"https:\/\/www.hoteloceanic.paris\/es\/#website\"},\"primaryImageOfPage\":{\"@id\":\"https:\/\/www.hoteloceanic.paris\/es\/nuestros-servicios\/#primaryimage\"},\"image\":{\"@id\":\"https:\/\/www.hoteloceanic.paris\/es\/nuestros-servicios\/#primaryimage\"},\"thumbnailUrl\":\"https:\/\/www.hoteloceanic.paris\/wp-content\/uploads\/sites\/46\/2023\/11\/IMG_9278-1-rotated.jpg\",\"datePublished\":\"2020-06-03T15:32:21+00:00\",\"dateModified\":\"2023-12-05T10:30:16+00:00\",\"description\":\"Ofrecemos servicios gratuitos como almacenamiento de equipaje, wifi en todas las habitaciones, canales de cable con Being sport y Canal +, un sal\u00f3n disponible todo el d\u00eda y mapas de Par\u00eds para organizar su estad\u00eda.\",\"breadcrumb\":{\"@id\":\"https:\/\/www.hoteloceanic.paris\/es\/nuestros-servicios\/#breadcrumb\"},\"inLanguage\":\"es\",\"potentialAction\":[{\"@type\":\"ReadAction\",\"target\":[\"https:\/\/www.hoteloceanic.paris\/es\/nuestros-servicios\/\"]}]},{\"@type\":\"ImageObject\",\"inLanguage\":\"es\",\"@id\":\"https:\/\/www.hoteloceanic.paris\/es\/nuestros-servicios\/#primaryimage\",\"url\":\"https:\/\/www.hoteloceanic.paris\/wp-content\/uploads\/sites\/46\/2023\/11\/IMG_9278-1-rotated.jpg\",\"contentUrl\":\"https:\/\/www.hoteloceanic.paris\/wp-content\/uploads\/sites\/46\/2023\/11\/IMG_9278-1-rotated.jpg\",\"width\":900,\"height\":1200},{\"@type\":\"BreadcrumbList\",\"@id\":\"https:\/\/www.hoteloceanic.paris\/es\/nuestros-servicios\/#breadcrumb\",\"itemListElement\":[{\"@type\":\"ListItem\",\"position\":1,\"name\":\"Home\",\"item\":\"https:\/\/www.hoteloceanic.paris\/es\/\"},{\"@type\":\"ListItem\",\"position\":2,\"name\":\"Nuestros servicios\"}]},{\"@type\":\"WebSite\",\"@id\":\"https:\/\/www.hoteloceanic.paris\/es\/#website\",\"url\":\"https:\/\/www.hoteloceanic.paris\/es\/\",\"name\":\"Hotel Oceanic\",\"description\":\"\",\"potentialAction\":[{\"@type\":\"SearchAction\",\"target\":{\"@type\":\"EntryPoint\",\"urlTemplate\":\"https:\/\/www.hoteloceanic.paris\/es\/?s={search_term_string}\"},\"query-input\":{\"@type\":\"PropertyValueSpecification\",\"valueRequired\":true,\"valueName\":\"search_term_string\"}}],\"inLanguage\":\"es\"}]}<\/script>\n<!-- \/ Yoast SEO plugin. -->","yoast_head_json":{"title":"Los servicios del hotel - Hotel Oceanic - Paris","description":"Ofrecemos servicios gratuitos como almacenamiento de equipaje, wifi en todas las habitaciones, canales de cable con Being sport y Canal +, un sal\u00f3n disponible todo el d\u00eda y mapas de Par\u00eds para organizar su estad\u00eda.","robots":{"index":"index","follow":"follow","max-snippet":"max-snippet:-1","max-image-preview":"max-image-preview:large","max-video-preview":"max-video-preview:-1"},"canonical":"https:\/\/www.hoteloceanic.paris\/es\/nuestros-servicios\/","og_locale":"es_ES","og_type":"article","og_title":"Los servicios del hotel - Hotel Oceanic - Paris","og_description":"Ofrecemos servicios gratuitos como almacenamiento de equipaje, wifi en todas las habitaciones, canales de cable con Being sport y Canal +, un sal\u00f3n disponible todo el d\u00eda y mapas de Par\u00eds para organizar su estad\u00eda.","og_url":"https:\/\/www.hoteloceanic.paris\/es\/nuestros-servicios\/","og_site_name":"Hotel Oceanic","article_modified_time":"2023-12-05T10:30:16+00:00","og_image":[{"width":900,"height":1200,"url":"https:\/\/www.hoteloceanic.paris\/wp-content\/uploads\/sites\/46\/2023\/11\/IMG_9278-1-rotated.jpg","type":"image\/jpeg"}],"twitter_card":"summary_large_image","schema":{"@context":"https:\/\/schema.org","@graph":[{"@type":"WebPage","@id":"https:\/\/www.hoteloceanic.paris\/es\/nuestros-servicios\/","url":"https:\/\/www.hoteloceanic.paris\/es\/nuestros-servicios\/","name":"Los servicios del hotel - Hotel Oceanic - Paris","isPartOf":{"@id":"https:\/\/www.hoteloceanic.paris\/es\/#website"},"primaryImageOfPage":{"@id":"https:\/\/www.hoteloceanic.paris\/es\/nuestros-servicios\/#primaryimage"},"image":{"@id":"https:\/\/www.hoteloceanic.paris\/es\/nuestros-servicios\/#primaryimage"},"thumbnailUrl":"https:\/\/www.hoteloceanic.paris\/wp-content\/uploads\/sites\/46\/2023\/11\/IMG_9278-1-rotated.jpg","datePublished":"2020-06-03T15:32:21+00:00","dateModified":"2023-12-05T10:30:16+00:00","description":"Ofrecemos servicios gratuitos como almacenamiento de equipaje, wifi en todas las habitaciones, canales de cable con Being sport y Canal +, un sal\u00f3n disponible todo el d\u00eda y mapas de Par\u00eds para organizar su estad\u00eda.","breadcrumb":{"@id":"https:\/\/www.hoteloceanic.paris\/es\/nuestros-servicios\/#breadcrumb"},"inLanguage":"es","potentialAction":[{"@type":"ReadAction","target":["https:\/\/www.hoteloceanic.paris\/es\/nuestros-servicios\/"]}]},{"@type":"ImageObject","inLanguage":"es","@id":"https:\/\/www.hoteloceanic.paris\/es\/nuestros-servicios\/#primaryimage","url":"https:\/\/www.hoteloceanic.paris\/wp-content\/uploads\/sites\/46\/2023\/11\/IMG_9278-1-rotated.jpg","contentUrl":"https:\/\/www.hoteloceanic.paris\/wp-content\/uploads\/sites\/46\/2023\/11\/IMG_9278-1-rotated.jpg","width":900,"height":1200},{"@type":"BreadcrumbList","@id":"https:\/\/www.hoteloceanic.paris\/es\/nuestros-servicios\/#breadcrumb","itemListElement":[{"@type":"ListItem","position":1,"name":"Home","item":"https:\/\/www.hoteloceanic.paris\/es\/"},{"@type":"ListItem","position":2,"name":"Nuestros servicios"}]},{"@type":"WebSite","@id":"https:\/\/www.hoteloceanic.paris\/es\/#website","url":"https:\/\/www.hoteloceanic.paris\/es\/","name":"Hotel Oceanic","description":"","potentialAction":[{"@type":"SearchAction","target":{"@type":"EntryPoint","urlTemplate":"https:\/\/www.hoteloceanic.paris\/es\/?s={search_term_string}"},"query-input":{"@type":"PropertyValueSpecification","valueRequired":true,"valueName":"search_term_string"}}],"inLanguage":"es"}]}},"acf":[],"_links":{"self":[{"href":"https:\/\/www.hoteloceanic.paris\/es\/wp-json\/wp\/v2\/pages\/413","targetHints":{"allow":["GET"]}}],"collection":[{"href":"https:\/\/www.hoteloceanic.paris\/es\/wp-json\/wp\/v2\/pages"}],"about":[{"href":"https:\/\/www.hoteloceanic.paris\/es\/wp-json\/wp\/v2\/types\/page"}],"author":[{"embeddable":true,"href":"https:\/\/www.hoteloceanic.paris\/es\/wp-json\/wp\/v2\/users\/52"}],"replies":[{"embeddable":true,"href":"https:\/\/www.hoteloceanic.paris\/es\/wp-json\/wp\/v2\/comments?post=413"}],"version-history":[{"count":0,"href":"https:\/\/www.hoteloceanic.paris\/es\/wp-json\/wp\/v2\/pages\/413\/revisions"}],"wp:featuredmedia":[{"embeddable":true,"href":"https:\/\/www.hoteloceanic.paris\/es\/wp-json\/wp\/v2\/media\/1012"}],"wp:attachment":[{"href":"https:\/\/www.hoteloceanic.paris\/es\/wp-json\/wp\/v2\/media?parent=413"}],"curies":[{"name":"wp","href":"https:\/\/api.w.org\/{rel}","templated":true}]}}